{"id":4,"date":"2021-08-29T16:09:49","date_gmt":"2021-08-29T16:09:49","guid":{"rendered":"http:\/\/transporte-grafenhaun.de\/willkommen-auf-http-transporte-grafenhaun-de"},"modified":"2021-11-01T07:34:31","modified_gmt":"2021-11-01T07:34:31","slug":"www-transporte-grafenhaun-de","status":"publish","type":"page","link":"https:\/\/transporte-grafenhaun.de\/","title":{"rendered":"Willkommen bei H&#038;B Transporte Grafenhaun."},"content":{"rendered":"\n<p>Wir \u00fcbernehmen f\u00fcr Sie folgende Dienstleistungen:<\/p>\n\n\n\n<ul class=\"wp-block-list\"><li>Transport von Sch\u00fcttg\u00fctern aller Art (z.B. Sand, Kies, Aushub, Bauschutt, etc.) mit eigenem 26 t LKW<\/li><li>Umsetzen von Container aller Art (z.B. Gr\u00fcngut, Hackschnitzel, etc.)<\/li><li>Landschafts- und Gartenpflegearbeiten mit Schnittgutabfuhr und Entsorgung<\/li><li>Anfallendes Schnittgut kann je nach Wunsch vor Ort geh\u00e4ckselt werden oder der Abtransport kann auch im Ganzen per Kranverladung erfolgen<\/li><li>Ganzj\u00e4hrige Gr\u00fcnfl\u00e4chenpflege von Freiland und PV-Anlagen<\/li><li>uvm.<\/li><\/ul>\n\n\n\n<p><\/p>\n\n\n\n<p>Wir freuen uns auf Ihre Anfragen f\u00fcr unsere Dienstleistungen und unterbreiten Ihnen gerne ein kostenloses Angebot.<\/p>\n","protected":false},"excerpt":{"rendered":"<p>Wir \u00fcbernehmen f\u00fcr Sie folgende Dienstleistungen: Transport von Sch\u00fcttg\u00fctern aller Art (z.B. Sand, Kies, Aushub, Bauschutt, etc.) mit eigenem 26 t LKW Umsetzen von Container aller Art (z.B. Gr\u00fcngut, Hackschnitzel, etc.) Landschafts- und Gartenpflegearbeiten mit Schnittgutabfuhr und Entsorgung Anfallendes Schnittgut kann je nach Wunsch vor Ort geh\u00e4ckselt werden oder der Abtransport kann auch im Ganzen [&hellip;]<\/p>\n","protected":false},"author":1,"featured_media":0,"parent":0,"menu_order":0,"comment_status":"closed","ping_status":"open","template":"","meta":{"footnotes":""},"class_list":["post-4","page","type-page","status-publish","hentry","post"],"yoast_head":"<!-- This site is optimized with the Yoast SEO plugin v27.4 - https:\/\/yoast.com\/product\/yoast-seo-wordpress\/ -->\n<title>Willkommen bei H&amp;B Transporte Grafenhaun. - H-B Transporte Grafenhaun<\/title>\n<meta name=\"description\" content=\"Transporte-grafenhaun.de. H&amp;B Transporte Grafenhaun. Holzner Michael. Franz B\u00fcrger. Willkommen bei H&amp;B Transporte Grafenhaun. Wir \u00fcbernehmen f\u00fcr Sie folgende Dienstleistungen:Transport von Sch\u00fcttg\u00fctern aller Art (z.B. Sand, Kies, Aushub, Bauschutt, etc.) mit eigenem 26 t LKWUmsetzen von Container aller Art (z.B. Gr\u00fcngut, Hackschnitzel, etc.)Landschafts- und Gartenpflegearbeiten mit Schnittgutabfuhr und EntsorgungAnfallendes Schnittgut kann je nach Wunsch vor Ort geh\u00e4ckselt werden oder der Abtransport kann auch im Ganzen per Kranverladung erfolgenGanzj\u00e4hrige Gr\u00fcnfl\u00e4chenpflege von Freiland und PV-Anlagenuvm.Wir freuen uns auf Ihre Anfragen f\u00fcr unsere Dienstleistungen und unterbreiten Ihnen gerne ein kostenloses Angebot.\" \/>\n<meta name=\"robots\" content=\"index, follow, max-snippet:-1, max-image-preview:large, max-video-preview:-1\" \/>\n<link rel=\"canonical\" href=\"https:\/\/transporte-grafenhaun.de\/\" \/>\n<meta property=\"og:locale\" content=\"de_DE\" \/>\n<meta property=\"og:type\" content=\"article\" \/>\n<meta property=\"og:title\" content=\"Willkommen bei H&amp;B Transporte Grafenhaun. - H-B Transporte Grafenhaun\" \/>\n<meta property=\"og:description\" content=\"Transporte-grafenhaun.de. H&amp;B Transporte Grafenhaun. Holzner Michael. Franz B\u00fcrger. Willkommen bei H&amp;B Transporte Grafenhaun. Wir \u00fcbernehmen f\u00fcr Sie folgende Dienstleistungen:Transport von Sch\u00fcttg\u00fctern aller Art (z.B. Sand, Kies, Aushub, Bauschutt, etc.) mit eigenem 26 t LKWUmsetzen von Container aller Art (z.B. Gr\u00fcngut, Hackschnitzel, etc.)Landschafts- und Gartenpflegearbeiten mit Schnittgutabfuhr und EntsorgungAnfallendes Schnittgut kann je nach Wunsch vor Ort geh\u00e4ckselt werden oder der Abtransport kann auch im Ganzen per Kranverladung erfolgenGanzj\u00e4hrige Gr\u00fcnfl\u00e4chenpflege von Freiland und PV-Anlagenuvm.Wir freuen uns auf Ihre Anfragen f\u00fcr unsere Dienstleistungen und unterbreiten Ihnen gerne ein kostenloses Angebot.\" \/>\n<meta property=\"og:url\" content=\"https:\/\/transporte-grafenhaun.de\/\" \/>\n<meta property=\"og:site_name\" content=\"H-B Transporte Grafenhaun\" \/>\n<meta property=\"article:modified_time\" content=\"2021-11-01T07:34:31+00:00\" \/>\n<meta name=\"twitter:card\" content=\"summary_large_image\" \/>\n<meta name=\"twitter:label1\" content=\"Gesch\u00e4tzte Lesezeit\" \/>\n\t<meta name=\"twitter:data1\" content=\"1\u00a0Minute\" \/>\n<script type=\"application\/ld+json\" class=\"yoast-schema-graph\">{\"@context\":\"https:\\\/\\\/schema.org\",\"@graph\":[{\"@type\":\"WebPage\",\"@id\":\"https:\\\/\\\/transporte-grafenhaun.de\\\/\",\"url\":\"https:\\\/\\\/transporte-grafenhaun.de\\\/\",\"name\":\"Willkommen bei H&B Transporte Grafenhaun. - H-B Transporte Grafenhaun\",\"isPartOf\":{\"@id\":\"https:\\\/\\\/transporte-grafenhaun.de\\\/#website\"},\"datePublished\":\"2021-08-29T16:09:49+00:00\",\"dateModified\":\"2021-11-01T07:34:31+00:00\",\"description\":\"Transporte-grafenhaun.de. H&B Transporte Grafenhaun. Holzner Michael. Franz B\u00fcrger. Willkommen bei H&B Transporte Grafenhaun. Wir \u00fcbernehmen f\u00fcr Sie folgende Dienstleistungen:Transport von Sch\u00fcttg\u00fctern aller Art (z.B. Sand, Kies, Aushub, Bauschutt, etc.) mit eigenem 26 t LKWUmsetzen von Container aller Art (z.B. Gr\u00fcngut, Hackschnitzel, etc.)Landschafts- und Gartenpflegearbeiten mit Schnittgutabfuhr und EntsorgungAnfallendes Schnittgut kann je nach Wunsch vor Ort geh\u00e4ckselt werden oder der Abtransport kann auch im Ganzen per Kranverladung erfolgenGanzj\u00e4hrige Gr\u00fcnfl\u00e4chenpflege von Freiland und PV-Anlagenuvm.Wir freuen uns auf Ihre Anfragen f\u00fcr unsere Dienstleistungen und unterbreiten Ihnen gerne ein kostenloses Angebot.\",\"breadcrumb\":{\"@id\":\"https:\\\/\\\/transporte-grafenhaun.de\\\/#breadcrumb\"},\"inLanguage\":\"de\",\"potentialAction\":[{\"@type\":\"ReadAction\",\"target\":[\"https:\\\/\\\/transporte-grafenhaun.de\\\/\"]}]},{\"@type\":\"BreadcrumbList\",\"@id\":\"https:\\\/\\\/transporte-grafenhaun.de\\\/#breadcrumb\",\"itemListElement\":[{\"@type\":\"ListItem\",\"position\":1,\"name\":\"Startseite\",\"item\":\"https:\\\/\\\/transporte-grafenhaun.de\\\/\"},{\"@type\":\"ListItem\",\"position\":2,\"name\":\"Willkommen bei H&#038;B Transporte Grafenhaun.\"}]},{\"@type\":\"WebSite\",\"@id\":\"https:\\\/\\\/transporte-grafenhaun.de\\\/#website\",\"url\":\"https:\\\/\\\/transporte-grafenhaun.de\\\/\",\"name\":\"H-B Transporte Grafenhaun\",\"description\":\"H&amp;B Transporte Franz B\u00fcrger Michael Holzner Grafenhaun\",\"publisher\":{\"@id\":\"https:\\\/\\\/transporte-grafenhaun.de\\\/#organization\"},\"potentialAction\":[{\"@type\":\"SearchAction\",\"target\":{\"@type\":\"EntryPoint\",\"urlTemplate\":\"https:\\\/\\\/transporte-grafenhaun.de\\\/?s={search_term_string}\"},\"query-input\":{\"@type\":\"PropertyValueSpecification\",\"valueRequired\":true,\"valueName\":\"search_term_string\"}}],\"inLanguage\":\"de\"},{\"@type\":\"Organization\",\"@id\":\"https:\\\/\\\/transporte-grafenhaun.de\\\/#organization\",\"name\":\"H&B Transporte\",\"url\":\"https:\\\/\\\/transporte-grafenhaun.de\\\/\",\"logo\":{\"@type\":\"ImageObject\",\"inLanguage\":\"de\",\"@id\":\"https:\\\/\\\/transporte-grafenhaun.de\\\/#\\\/schema\\\/logo\\\/image\\\/\",\"url\":\"http:\\\/\\\/transporte-grafenhaun.de\\\/wp-content\\\/uploads\\\/2021\\\/08\\\/HBLogo1-scaled.jpg\",\"contentUrl\":\"http:\\\/\\\/transporte-grafenhaun.de\\\/wp-content\\\/uploads\\\/2021\\\/08\\\/HBLogo1-scaled.jpg\",\"width\":2560,\"height\":1810,\"caption\":\"H&B Transporte\"},\"image\":{\"@id\":\"https:\\\/\\\/transporte-grafenhaun.de\\\/#\\\/schema\\\/logo\\\/image\\\/\"}}]}<\/script>\n<!-- \/ Yoast SEO plugin. -->","yoast_head_json":{"title":"Willkommen bei H&B Transporte Grafenhaun. - H-B Transporte Grafenhaun","description":"Transporte-grafenhaun.de. H&B Transporte Grafenhaun. Holzner Michael. Franz B\u00fcrger. Willkommen bei H&B Transporte Grafenhaun. Wir \u00fcbernehmen f\u00fcr Sie folgende Dienstleistungen:Transport von Sch\u00fcttg\u00fctern aller Art (z.B. Sand, Kies, Aushub, Bauschutt, etc.) mit eigenem 26 t LKWUmsetzen von Container aller Art (z.B. Gr\u00fcngut, Hackschnitzel, etc.)Landschafts- und Gartenpflegearbeiten mit Schnittgutabfuhr und EntsorgungAnfallendes Schnittgut kann je nach Wunsch vor Ort geh\u00e4ckselt werden oder der Abtransport kann auch im Ganzen per Kranverladung erfolgenGanzj\u00e4hrige Gr\u00fcnfl\u00e4chenpflege von Freiland und PV-Anlagenuvm.Wir freuen uns auf Ihre Anfragen f\u00fcr unsere Dienstleistungen und unterbreiten Ihnen gerne ein kostenloses Angebot.","robots":{"index":"index","follow":"follow","max-snippet":"max-snippet:-1","max-image-preview":"max-image-preview:large","max-video-preview":"max-video-preview:-1"},"canonical":"https:\/\/transporte-grafenhaun.de\/","og_locale":"de_DE","og_type":"article","og_title":"Willkommen bei H&B Transporte Grafenhaun. - H-B Transporte Grafenhaun","og_description":"Transporte-grafenhaun.de. H&B Transporte Grafenhaun. Holzner Michael. Franz B\u00fcrger. Willkommen bei H&B Transporte Grafenhaun. Wir \u00fcbernehmen f\u00fcr Sie folgende Dienstleistungen:Transport von Sch\u00fcttg\u00fctern aller Art (z.B. Sand, Kies, Aushub, Bauschutt, etc.) mit eigenem 26 t LKWUmsetzen von Container aller Art (z.B. Gr\u00fcngut, Hackschnitzel, etc.)Landschafts- und Gartenpflegearbeiten mit Schnittgutabfuhr und EntsorgungAnfallendes Schnittgut kann je nach Wunsch vor Ort geh\u00e4ckselt werden oder der Abtransport kann auch im Ganzen per Kranverladung erfolgenGanzj\u00e4hrige Gr\u00fcnfl\u00e4chenpflege von Freiland und PV-Anlagenuvm.Wir freuen uns auf Ihre Anfragen f\u00fcr unsere Dienstleistungen und unterbreiten Ihnen gerne ein kostenloses Angebot.","og_url":"https:\/\/transporte-grafenhaun.de\/","og_site_name":"H-B Transporte Grafenhaun","article_modified_time":"2021-11-01T07:34:31+00:00","twitter_card":"summary_large_image","twitter_misc":{"Gesch\u00e4tzte Lesezeit":"1\u00a0Minute"},"schema":{"@context":"https:\/\/schema.org","@graph":[{"@type":"WebPage","@id":"https:\/\/transporte-grafenhaun.de\/","url":"https:\/\/transporte-grafenhaun.de\/","name":"Willkommen bei H&B Transporte Grafenhaun. - H-B Transporte Grafenhaun","isPartOf":{"@id":"https:\/\/transporte-grafenhaun.de\/#website"},"datePublished":"2021-08-29T16:09:49+00:00","dateModified":"2021-11-01T07:34:31+00:00","description":"Transporte-grafenhaun.de. H&B Transporte Grafenhaun. Holzner Michael. Franz B\u00fcrger. Willkommen bei H&B Transporte Grafenhaun. Wir \u00fcbernehmen f\u00fcr Sie folgende Dienstleistungen:Transport von Sch\u00fcttg\u00fctern aller Art (z.B. Sand, Kies, Aushub, Bauschutt, etc.) mit eigenem 26 t LKWUmsetzen von Container aller Art (z.B. Gr\u00fcngut, Hackschnitzel, etc.)Landschafts- und Gartenpflegearbeiten mit Schnittgutabfuhr und EntsorgungAnfallendes Schnittgut kann je nach Wunsch vor Ort geh\u00e4ckselt werden oder der Abtransport kann auch im Ganzen per Kranverladung erfolgenGanzj\u00e4hrige Gr\u00fcnfl\u00e4chenpflege von Freiland und PV-Anlagenuvm.Wir freuen uns auf Ihre Anfragen f\u00fcr unsere Dienstleistungen und unterbreiten Ihnen gerne ein kostenloses Angebot.","breadcrumb":{"@id":"https:\/\/transporte-grafenhaun.de\/#breadcrumb"},"inLanguage":"de","potentialAction":[{"@type":"ReadAction","target":["https:\/\/transporte-grafenhaun.de\/"]}]},{"@type":"BreadcrumbList","@id":"https:\/\/transporte-grafenhaun.de\/#breadcrumb","itemListElement":[{"@type":"ListItem","position":1,"name":"Startseite","item":"https:\/\/transporte-grafenhaun.de\/"},{"@type":"ListItem","position":2,"name":"Willkommen bei H&#038;B Transporte Grafenhaun."}]},{"@type":"WebSite","@id":"https:\/\/transporte-grafenhaun.de\/#website","url":"https:\/\/transporte-grafenhaun.de\/","name":"H-B Transporte Grafenhaun","description":"H&amp;B Transporte Franz B\u00fcrger Michael Holzner Grafenhaun","publisher":{"@id":"https:\/\/transporte-grafenhaun.de\/#organization"},"potentialAction":[{"@type":"SearchAction","target":{"@type":"EntryPoint","urlTemplate":"https:\/\/transporte-grafenhaun.de\/?s={search_term_string}"},"query-input":{"@type":"PropertyValueSpecification","valueRequired":true,"valueName":"search_term_string"}}],"inLanguage":"de"},{"@type":"Organization","@id":"https:\/\/transporte-grafenhaun.de\/#organization","name":"H&B Transporte","url":"https:\/\/transporte-grafenhaun.de\/","logo":{"@type":"ImageObject","inLanguage":"de","@id":"https:\/\/transporte-grafenhaun.de\/#\/schema\/logo\/image\/","url":"http:\/\/transporte-grafenhaun.de\/wp-content\/uploads\/2021\/08\/HBLogo1-scaled.jpg","contentUrl":"http:\/\/transporte-grafenhaun.de\/wp-content\/uploads\/2021\/08\/HBLogo1-scaled.jpg","width":2560,"height":1810,"caption":"H&B Transporte"},"image":{"@id":"https:\/\/transporte-grafenhaun.de\/#\/schema\/logo\/image\/"}}]}},"_links":{"self":[{"href":"https:\/\/transporte-grafenhaun.de\/index.php?rest_route=\/wp\/v2\/pages\/4","targetHints":{"allow":["GET"]}}],"collection":[{"href":"https:\/\/transporte-grafenhaun.de\/index.php?rest_route=\/wp\/v2\/pages"}],"about":[{"href":"https:\/\/transporte-grafenhaun.de\/index.php?rest_route=\/wp\/v2\/types\/page"}],"author":[{"embeddable":true,"href":"https:\/\/transporte-grafenhaun.de\/index.php?rest_route=\/wp\/v2\/users\/1"}],"replies":[{"embeddable":true,"href":"https:\/\/transporte-grafenhaun.de\/index.php?rest_route=%2Fwp%2Fv2%2Fcomments&post=4"}],"version-history":[{"count":3,"href":"https:\/\/transporte-grafenhaun.de\/index.php?rest_route=\/wp\/v2\/pages\/4\/revisions"}],"predecessor-version":[{"id":32,"href":"https:\/\/transporte-grafenhaun.de\/index.php?rest_route=\/wp\/v2\/pages\/4\/revisions\/32"}],"wp:attachment":[{"href":"https:\/\/transporte-grafenhaun.de\/index.php?rest_route=%2Fwp%2Fv2%2Fmedia&parent=4"}],"curies":[{"name":"wp","href":"https:\/\/api.w.org\/{rel}","templated":true}]}}